{"id":14,"date":"2024-03-09T19:22:20","date_gmt":"2024-03-09T18:22:20","guid":{"rendered":"https:\/\/aranzazuclothing.com\/index.php\/contact-us\/"},"modified":"2024-03-10T18:24:19","modified_gmt":"2024-03-10T17:24:19","slug":"contact-us","status":"publish","type":"page","link":"https:\/\/aranzazuclothing.com\/index.php\/contact-us\/","title":{"rendered":"Contact Us"},"content":{"rendered":"\t\t<div data-elementor-type=\"wp-page\" data-elementor-id=\"14\" class=\"elementor elementor-14\">\n\t\t\t\t<div class=\"elementor-element elementor-element-687a89c3 e-con-full e-flex e-con e-parent\" data-id=\"687a89c3\" data-element_type=\"container\" data-core-v316-plus=\"true\">\n\t\t<div class=\"elementor-element elementor-element-5d406b18 e-con-full e-flex e-con e-child\" data-id=\"5d406b18\" data-element_type=\"container\">\n\t\t<div class=\"elementor-element elementor-element-acb4f3c e-con-full e-flex e-con e-child\" data-id=\"acb4f3c\" data-element_type=\"container\">\n\t\t\t\t<div class=\"elementor-element elementor-element-2efefc50 elementor-widget elementor-widget-heading\" data-id=\"2efefc50\" data-element_type=\"widget\" data-widget_type=\"heading.default\">\n\t\t\t\t<div class=\"elementor-widget-container\">\n\t\t\t<style>\/*! elementor - v3.20.0 - 13-03-2024 *\/\n.elementor-heading-title{padding:0;margin:0;line-height:1}.elementor-widget-heading .elementor-heading-title[class*=elementor-size-]>a{color:inherit;font-size:inherit;line-height:inherit}.elementor-widget-heading .elementor-heading-title.elementor-size-small{font-size:15px}.elementor-widget-heading .elementor-heading-title.elementor-size-medium{font-size:19px}.elementor-widget-heading .elementor-heading-title.elementor-size-large{font-size:29px}.elementor-widget-heading .elementor-heading-title.elementor-size-xl{font-size:39px}.elementor-widget-heading .elementor-heading-title.elementor-size-xxl{font-size:59px}<\/style><h1 class=\"elementor-heading-title elementor-size-default\">Cont\u00e1ctanos para obtener m\u00e1s informaci\u00f3n<\/h1>\t\t<\/div>\n\t\t\t\t<\/div>\n\t\t\t\t<div class=\"elementor-element elementor-element-77bb5548 elementor-widget__width-initial elementor-invisible elementor-widget elementor-widget-text-editor\" data-id=\"77bb5548\" data-element_type=\"widget\" data-settings=\"{&quot;_animation&quot;:&quot;fadeInDown&quot;}\" data-widget_type=\"text-editor.default\">\n\t\t\t\t<div class=\"elementor-widget-container\">\n\t\t\t<style>\/*! elementor - v3.20.0 - 13-03-2024 *\/\n.elementor-widget-text-editor.elementor-drop-cap-view-stacked .elementor-drop-cap{background-color:#69727d;color:#fff}.elementor-widget-text-editor.elementor-drop-cap-view-framed .elementor-drop-cap{color:#69727d;border:3px solid;background-color:transparent}.elementor-widget-text-editor:not(.elementor-drop-cap-view-default) .elementor-drop-cap{margin-top:8px}.elementor-widget-text-editor:not(.elementor-drop-cap-view-default) .elementor-drop-cap-letter{width:1em;height:1em}.elementor-widget-text-editor .elementor-drop-cap{float:left;text-align:center;line-height:1;font-size:50px}.elementor-widget-text-editor .elementor-drop-cap-letter{display:inline-block}<\/style>\t\t\t\t<p>Bien sea de un pedido en curso, de un nuevo proyecto de personalizaci\u00f3n o de los costos de desarrollo de productos, estamos disponibles para brindarte toda la informaci\u00f3n que necesites en nuestros canales de contacto<\/p>\t\t\t\t\t\t<\/div>\n\t\t\t\t<\/div>\n\t\t\t\t<\/div>\n\t\t<div class=\"elementor-element elementor-element-1b956c00 e-con-full e-flex e-con e-child\" data-id=\"1b956c00\" data-element_type=\"container\">\n\t\t\t\t<div class=\"elementor-element elementor-element-625bdaf6 elementor-widget__width-initial elementor-widget-mobile__width-inherit elementor-widget elementor-widget-icon-box\" data-id=\"625bdaf6\" data-element_type=\"widget\" data-widget_type=\"icon-box.default\">\n\t\t\t\t<div class=\"elementor-widget-container\">\n\t\t\t<link rel=\"stylesheet\" href=\"https:\/\/aranzazuclothing.com\/wp-content\/plugins\/elementor\/assets\/css\/widget-icon-box.min.css\">\t\t<div class=\"elementor-icon-box-wrapper\">\n\t\t\t\t\t\t<div class=\"elementor-icon-box-content\">\n\t\t\t\t<h3 class=\"elementor-icon-box-title\">\n\t\t\t\t\t<span  >\n\t\t\t\t\t\tAm\u00e9ricas\t\t\t\t\t<\/span>\n\t\t\t\t<\/h3>\n\t\t\t\t\t\t\t\t\t<p class=\"elementor-icon-box-description\">\n\t\t\t\t\t\tCarrera 17 # 33-20, Palmira, Valle, Colombia\t\t\t\t\t<\/p>\n\t\t\t\t\t\t\t<\/div>\n\t\t<\/div>\n\t\t\t\t<\/div>\n\t\t\t\t<\/div>\n\t\t\t\t<div class=\"elementor-element elementor-element-7f714bb2 elementor-widget__width-initial elementor-widget-mobile__width-inherit elementor-widget elementor-widget-icon-box\" data-id=\"7f714bb2\" data-element_type=\"widget\" data-widget_type=\"icon-box.default\">\n\t\t\t\t<div class=\"elementor-widget-container\">\n\t\t\t\t\t<div class=\"elementor-icon-box-wrapper\">\n\t\t\t\t\t\t<div class=\"elementor-icon-box-content\">\n\t\t\t\t<h3 class=\"elementor-icon-box-title\">\n\t\t\t\t\t<span  >\n\t\t\t\t\t\tEuropa\t\t\t\t\t<\/span>\n\t\t\t\t<\/h3>\n\t\t\t\t\t\t\t\t\t<p class=\"elementor-icon-box-description\">\n\t\t\t\t\t\t A. H. Tammsaare tee 47, Tallinn, 11316, Estonia\t\t\t\t\t<\/p>\n\t\t\t\t\t\t\t<\/div>\n\t\t<\/div>\n\t\t\t\t<\/div>\n\t\t\t\t<\/div>\n\t\t\t\t<\/div>\n\t\t<div class=\"elementor-element elementor-element-2044776 e-con-full e-flex e-con e-child\" data-id=\"2044776\" data-element_type=\"container\">\n\t\t\t\t<div class=\"elementor-element elementor-element-0fe4862 elementor-widget__width-initial elementor-widget-mobile__width-inherit elementor-widget elementor-widget-icon-box\" data-id=\"0fe4862\" data-element_type=\"widget\" data-widget_type=\"icon-box.default\">\n\t\t\t\t<div class=\"elementor-widget-container\">\n\t\t\t\t\t<div class=\"elementor-icon-box-wrapper\">\n\t\t\t\t\t\t<div class=\"elementor-icon-box-content\">\n\t\t\t\t<h3 class=\"elementor-icon-box-title\">\n\t\t\t\t\t<span  >\n\t\t\t\t\t\tCorreo electr\u00f3nico\t\t\t\t\t<\/span>\n\t\t\t\t<\/h3>\n\t\t\t\t\t\t\t\t\t<p class=\"elementor-icon-box-description\">\n\t\t\t\t\t\taranzazu@aranzazuclothing.com\t\t\t\t\t<\/p>\n\t\t\t\t\t\t\t<\/div>\n\t\t<\/div>\n\t\t\t\t<\/div>\n\t\t\t\t<\/div>\n\t\t\t\t<div class=\"elementor-element elementor-element-fa2721a elementor-widget__width-initial elementor-widget-mobile__width-inherit elementor-widget elementor-widget-icon-box\" data-id=\"fa2721a\" data-element_type=\"widget\" data-widget_type=\"icon-box.default\">\n\t\t\t\t<div class=\"elementor-widget-container\">\n\t\t\t\t\t<div class=\"elementor-icon-box-wrapper\">\n\t\t\t\t\t\t<div class=\"elementor-icon-box-content\">\n\t\t\t\t<h3 class=\"elementor-icon-box-title\">\n\t\t\t\t\t<span  >\n\t\t\t\t\t\tTel\u00e9fono y Whatsapp\t\t\t\t\t<\/span>\n\t\t\t\t<\/h3>\n\t\t\t\t\t\t\t\t\t<p class=\"elementor-icon-box-description\">\n\t\t\t\t\t\t(+57)3202336576<br>\nLun-Vie 8:00 am - 6:00 pm\t\t\t\t\t<\/p>\n\t\t\t\t\t\t\t<\/div>\n\t\t<\/div>\n\t\t\t\t<\/div>\n\t\t\t\t<\/div>\n\t\t\t\t<\/div>\n\t\t\t\t<\/div>\n\t\t<div class=\"elementor-element elementor-element-2aca51fb e-con-full e-flex e-con e-child\" data-id=\"2aca51fb\" data-element_type=\"container\" data-settings=\"{&quot;background_background&quot;:&quot;classic&quot;}\">\n\t\t\t\t<\/div>\n\t\t\t\t<\/div>\n\t\t<div class=\"elementor-element elementor-element-609f1acf e-con-full e-flex e-con e-parent\" data-id=\"609f1acf\" data-element_type=\"container\" data-core-v316-plus=\"true\">\n\t\t<div class=\"elementor-element elementor-element-399b1a02 e-con-full e-flex e-con e-child\" data-id=\"399b1a02\" data-element_type=\"container\" data-settings=\"{&quot;background_background&quot;:&quot;classic&quot;}\">\n\t\t\t\t<\/div>\n\t\t<div class=\"elementor-element elementor-element-f5918fc e-con-full e-flex e-con e-child\" data-id=\"f5918fc\" data-element_type=\"container\">\n\t\t\t\t<div class=\"elementor-element elementor-element-b93346b elementor-widget elementor-widget-heading\" data-id=\"b93346b\" data-element_type=\"widget\" data-widget_type=\"heading.default\">\n\t\t\t\t<div class=\"elementor-widget-container\">\n\t\t\t<span class=\"elementor-heading-title elementor-size-default\">Redes sociales<\/span>\t\t<\/div>\n\t\t\t\t<\/div>\n\t\t<div class=\"elementor-element elementor-element-75a69aad e-con-full e-flex e-con e-child\" data-id=\"75a69aad\" data-element_type=\"container\">\n\t\t\t\t<div class=\"elementor-element elementor-element-94b6341 elementor-widget elementor-widget-heading\" data-id=\"94b6341\" data-element_type=\"widget\" data-widget_type=\"heading.default\">\n\t\t\t\t<div class=\"elementor-widget-container\">\n\t\t\t<h2 class=\"elementor-heading-title elementor-size-default\">S\u00edguenos en Instagram, Facebook y Pinterest\n<\/h2>\t\t<\/div>\n\t\t\t\t<\/div>\n\t\t\t\t<div class=\"elementor-element elementor-element-24aeecaf elementor-widget elementor-widget-text-editor\" data-id=\"24aeecaf\" data-element_type=\"widget\" data-widget_type=\"text-editor.default\">\n\t\t\t\t<div class=\"elementor-widget-container\">\n\t\t\t\t\t\t\t<p>En la tienda en l\u00ednea encuentras los enlaces para estar en contacto en redes sociales.<\/p>\t\t\t\t\t\t<\/div>\n\t\t\t\t<\/div>\n\t\t\t\t<\/div>\n\t\t\t\t<\/div>\n\t\t\t\t<\/div>\n\t\t\t\t<\/div>\n\t\t","protected":false},"excerpt":{"rendered":"<p>Cont\u00e1ctanos para obtener m\u00e1s informaci\u00f3n Bien sea de un pedido en curso, de un nuevo proyecto de personalizaci\u00f3n o de los costos de desarrollo de productos, estamos disponibles para brindarte toda la informaci\u00f3n que necesites en nuestros canales de contacto Am\u00e9ricas Carrera 17 # 33-20, Palmira, Valle, Colombia Europa A. H. Tammsaare tee 47, Tallinn, [&hellip;]<\/p>\n","protected":false},"author":1,"featured_media":0,"parent":0,"menu_order":0,"comment_status":"closed","ping_status":"closed","template":"elementor_header_footer","meta":{"footnotes":""},"yoast_head":"<!-- This site is optimized with the Yoast SEO plugin v22.2 - https:\/\/yoast.com\/wordpress\/plugins\/seo\/ -->\n<title>Contact Us - Aranzazu Clothing<\/title>\n<meta name=\"robots\" content=\"index, follow, max-snippet:-1, max-image-preview:large, max-video-preview:-1\" \/>\n<link rel=\"canonical\" href=\"https:\/\/aranzazuclothing.com\/index.php\/contact-us\/\" \/>\n<meta property=\"og:locale\" content=\"en_US\" \/>\n<meta property=\"og:type\" content=\"article\" \/>\n<meta property=\"og:title\" content=\"Contact Us - Aranzazu Clothing\" \/>\n<meta property=\"og:description\" content=\"Cont\u00e1ctanos para obtener m\u00e1s informaci\u00f3n Bien sea de un pedido en curso, de un nuevo proyecto de personalizaci\u00f3n o de los costos de desarrollo de productos, estamos disponibles para brindarte toda la informaci\u00f3n que necesites en nuestros canales de contacto Am\u00e9ricas Carrera 17 # 33-20, Palmira, Valle, Colombia Europa A. H. Tammsaare tee 47, Tallinn, [&hellip;]\" \/>\n<meta property=\"og:url\" content=\"https:\/\/aranzazuclothing.com\/index.php\/contact-us\/\" \/>\n<meta property=\"og:site_name\" content=\"Aranzazu Clothing\" \/>\n<meta property=\"article:publisher\" content=\"https:\/\/www.facebook.com\/aranzazuclothing\/\" \/>\n<meta property=\"article:modified_time\" content=\"2024-03-10T17:24:19+00:00\" \/>\n<meta name=\"twitter:card\" content=\"summary_large_image\" \/>\n<script type=\"application\/ld+json\" class=\"yoast-schema-graph\">{\"@context\":\"https:\/\/schema.org\",\"@graph\":[{\"@type\":\"WebPage\",\"@id\":\"https:\/\/aranzazuclothing.com\/index.php\/contact-us\/\",\"url\":\"https:\/\/aranzazuclothing.com\/index.php\/contact-us\/\",\"name\":\"Contact Us - Aranzazu Clothing\",\"isPartOf\":{\"@id\":\"https:\/\/aranzazuclothing.com\/#website\"},\"datePublished\":\"2024-03-09T18:22:20+00:00\",\"dateModified\":\"2024-03-10T17:24:19+00:00\",\"breadcrumb\":{\"@id\":\"https:\/\/aranzazuclothing.com\/index.php\/contact-us\/#breadcrumb\"},\"inLanguage\":\"en-US\",\"potentialAction\":[{\"@type\":\"ReadAction\",\"target\":[\"https:\/\/aranzazuclothing.com\/index.php\/contact-us\/\"]}]},{\"@type\":\"BreadcrumbList\",\"@id\":\"https:\/\/aranzazuclothing.com\/index.php\/contact-us\/#breadcrumb\",\"itemListElement\":[{\"@type\":\"ListItem\",\"position\":1,\"name\":\"Portada\",\"item\":\"https:\/\/aranzazuclothing.com\/\"},{\"@type\":\"ListItem\",\"position\":2,\"name\":\"Contact Us\"}]},{\"@type\":\"WebSite\",\"@id\":\"https:\/\/aranzazuclothing.com\/#website\",\"url\":\"https:\/\/aranzazuclothing.com\/\",\"name\":\"Aranzazu Clothing\",\"description\":\"Logo Aranzazu\",\"publisher\":{\"@id\":\"https:\/\/aranzazuclothing.com\/#organization\"},\"potentialAction\":[{\"@type\":\"SearchAction\",\"target\":{\"@type\":\"EntryPoint\",\"urlTemplate\":\"https:\/\/aranzazuclothing.com\/?s={search_term_string}\"},\"query-input\":\"required name=search_term_string\"}],\"inLanguage\":\"en-US\"},{\"@type\":\"Organization\",\"@id\":\"https:\/\/aranzazuclothing.com\/#organization\",\"name\":\"Aranzazu Clothing\",\"url\":\"https:\/\/aranzazuclothing.com\/\",\"logo\":{\"@type\":\"ImageObject\",\"inLanguage\":\"en-US\",\"@id\":\"https:\/\/aranzazuclothing.com\/#\/schema\/logo\/image\/\",\"url\":\"https:\/\/aranzazuclothing.com\/wp-content\/uploads\/2024\/03\/logo-2019-negro-sinfondo.png\",\"contentUrl\":\"https:\/\/aranzazuclothing.com\/wp-content\/uploads\/2024\/03\/logo-2019-negro-sinfondo.png\",\"width\":1300,\"height\":1300,\"caption\":\"Aranzazu Clothing\"},\"image\":{\"@id\":\"https:\/\/aranzazuclothing.com\/#\/schema\/logo\/image\/\"},\"sameAs\":[\"https:\/\/www.facebook.com\/aranzazuclothing\/\",\"https:\/\/www.instagram.com\/aranzazu_clothing\"]}]}<\/script>\n<!-- \/ Yoast SEO plugin. -->","yoast_head_json":{"title":"Contact Us - Aranzazu Clothing","robots":{"index":"index","follow":"follow","max-snippet":"max-snippet:-1","max-image-preview":"max-image-preview:large","max-video-preview":"max-video-preview:-1"},"canonical":"https:\/\/aranzazuclothing.com\/index.php\/contact-us\/","og_locale":"en_US","og_type":"article","og_title":"Contact Us - Aranzazu Clothing","og_description":"Cont\u00e1ctanos para obtener m\u00e1s informaci\u00f3n Bien sea de un pedido en curso, de un nuevo proyecto de personalizaci\u00f3n o de los costos de desarrollo de productos, estamos disponibles para brindarte toda la informaci\u00f3n que necesites en nuestros canales de contacto Am\u00e9ricas Carrera 17 # 33-20, Palmira, Valle, Colombia Europa A. H. Tammsaare tee 47, Tallinn, [&hellip;]","og_url":"https:\/\/aranzazuclothing.com\/index.php\/contact-us\/","og_site_name":"Aranzazu Clothing","article_publisher":"https:\/\/www.facebook.com\/aranzazuclothing\/","article_modified_time":"2024-03-10T17:24:19+00:00","twitter_card":"summary_large_image","schema":{"@context":"https:\/\/schema.org","@graph":[{"@type":"WebPage","@id":"https:\/\/aranzazuclothing.com\/index.php\/contact-us\/","url":"https:\/\/aranzazuclothing.com\/index.php\/contact-us\/","name":"Contact Us - Aranzazu Clothing","isPartOf":{"@id":"https:\/\/aranzazuclothing.com\/#website"},"datePublished":"2024-03-09T18:22:20+00:00","dateModified":"2024-03-10T17:24:19+00:00","breadcrumb":{"@id":"https:\/\/aranzazuclothing.com\/index.php\/contact-us\/#breadcrumb"},"inLanguage":"en-US","potentialAction":[{"@type":"ReadAction","target":["https:\/\/aranzazuclothing.com\/index.php\/contact-us\/"]}]},{"@type":"BreadcrumbList","@id":"https:\/\/aranzazuclothing.com\/index.php\/contact-us\/#breadcrumb","itemListElement":[{"@type":"ListItem","position":1,"name":"Portada","item":"https:\/\/aranzazuclothing.com\/"},{"@type":"ListItem","position":2,"name":"Contact Us"}]},{"@type":"WebSite","@id":"https:\/\/aranzazuclothing.com\/#website","url":"https:\/\/aranzazuclothing.com\/","name":"Aranzazu Clothing","description":"Logo Aranzazu","publisher":{"@id":"https:\/\/aranzazuclothing.com\/#organization"},"potentialAction":[{"@type":"SearchAction","target":{"@type":"EntryPoint","urlTemplate":"https:\/\/aranzazuclothing.com\/?s={search_term_string}"},"query-input":"required name=search_term_string"}],"inLanguage":"en-US"},{"@type":"Organization","@id":"https:\/\/aranzazuclothing.com\/#organization","name":"Aranzazu Clothing","url":"https:\/\/aranzazuclothing.com\/","logo":{"@type":"ImageObject","inLanguage":"en-US","@id":"https:\/\/aranzazuclothing.com\/#\/schema\/logo\/image\/","url":"https:\/\/aranzazuclothing.com\/wp-content\/uploads\/2024\/03\/logo-2019-negro-sinfondo.png","contentUrl":"https:\/\/aranzazuclothing.com\/wp-content\/uploads\/2024\/03\/logo-2019-negro-sinfondo.png","width":1300,"height":1300,"caption":"Aranzazu Clothing"},"image":{"@id":"https:\/\/aranzazuclothing.com\/#\/schema\/logo\/image\/"},"sameAs":["https:\/\/www.facebook.com\/aranzazuclothing\/","https:\/\/www.instagram.com\/aranzazu_clothing"]}]}},"_links":{"self":[{"href":"https:\/\/aranzazuclothing.com\/index.php\/wp-json\/wp\/v2\/pages\/14"}],"collection":[{"href":"https:\/\/aranzazuclothing.com\/index.php\/wp-json\/wp\/v2\/pages"}],"about":[{"href":"https:\/\/aranzazuclothing.com\/index.php\/wp-json\/wp\/v2\/types\/page"}],"author":[{"embeddable":true,"href":"https:\/\/aranzazuclothing.com\/index.php\/wp-json\/wp\/v2\/users\/1"}],"replies":[{"embeddable":true,"href":"https:\/\/aranzazuclothing.com\/index.php\/wp-json\/wp\/v2\/comments?post=14"}],"version-history":[{"count":10,"href":"https:\/\/aranzazuclothing.com\/index.php\/wp-json\/wp\/v2\/pages\/14\/revisions"}],"predecessor-version":[{"id":113,"href":"https:\/\/aranzazuclothing.com\/index.php\/wp-json\/wp\/v2\/pages\/14\/revisions\/113"}],"wp:attachment":[{"href":"https:\/\/aranzazuclothing.com\/index.php\/wp-json\/wp\/v2\/media?parent=14"}],"curies":[{"name":"wp","href":"https:\/\/api.w.org\/{rel}","templated":true}]}}